{"id":2,"date":"2025-06-11T15:03:53","date_gmt":"2025-06-11T15:03:53","guid":{"rendered":"https:\/\/cactussp.rkinformatika.online\/?page_id=2"},"modified":"2025-06-26T15:54:17","modified_gmt":"2025-06-26T15:54:17","slug":"inicio","status":"publish","type":"page","link":"https:\/\/cactussp.es\/es\/","title":{"rendered":"Inicio"},"content":{"rendered":"\t\t<div data-elementor-type=\"wp-page\" data-elementor-id=\"2\" class=\"elementor elementor-2\" data-elementor-post-type=\"page\">\n\t\t\t\t<div class=\"elementor-element elementor-element-549fb10 e-flex e-con-boxed e-con e-parent\" data-id=\"549fb10\" data-element_type=\"container\" data-e-type=\"container\" data-settings=\"{&quot;background_background&quot;:&quot;slideshow&quot;,&quot;background_slideshow_gallery&quot;:[{&quot;id&quot;:93,&quot;url&quot;:&quot;https:\\\/\\\/cactussp.es\\\/wp-content\\\/uploads\\\/2025\\\/06\\\/2150478035.jpg&quot;}],&quot;background_slideshow_loop&quot;:&quot;yes&quot;,&quot;background_slideshow_slide_duration&quot;:5000,&quot;background_slideshow_slide_transition&quot;:&quot;fade&quot;,&quot;background_slideshow_transition_duration&quot;:500}\">\n\t\t\t\t\t<div class=\"e-con-inner\">\n\t\t\t\t<div class=\"elementor-element elementor-element-3c9f7c5 elementor-widget__width-initial elementor-invisible elementor-widget elementor-widget-heading\" data-id=\"3c9f7c5\" data-element_type=\"widget\" data-e-type=\"widget\" data-settings=\"{&quot;_animation&quot;:&quot;fadeInLeft&quot;}\" data-widget_type=\"heading.default\">\n\t\t\t\t<div class=\"elementor-widget-container\">\n\t\t\t\t\t<h2 class=\"elementor-heading-title elementor-size-default\">CACTUS SP<\/h2>\t\t\t\t<\/div>\n\t\t\t\t<\/div>\n\t\t\t\t<div class=\"elementor-element elementor-element-6727321 elementor-widget__width-initial elementor-invisible elementor-widget elementor-widget-text-editor\" data-id=\"6727321\" data-element_type=\"widget\" data-e-type=\"widget\" data-settings=\"{&quot;_animation&quot;:&quot;fadeInUp&quot;}\" data-widget_type=\"text-editor.default\">\n\t\t\t\t<div class=\"elementor-widget-container\">\n\t\t\t\t\t\t\t\t\t<p>Cactus i plantes suculentes<\/p>\t\t\t\t\t\t\t\t<\/div>\n\t\t\t\t<\/div>\n\t\t\t\t\t<\/div>\n\t\t\t\t<\/div>\n\t\t<div class=\"elementor-element elementor-element-989b98e e-flex e-con-boxed e-con e-parent\" data-id=\"989b98e\" data-element_type=\"container\" data-e-type=\"container\" data-settings=\"{&quot;background_background&quot;:&quot;classic&quot;}\">\n\t\t\t\t\t<div class=\"e-con-inner\">\n\t\t<div class=\"elementor-element elementor-element-a92e4f6 e-con-full e-flex e-con e-child\" data-id=\"a92e4f6\" data-element_type=\"container\" data-e-type=\"container\">\n\t\t\t\t<div class=\"elementor-element elementor-element-516806c elementor-widget elementor-widget-heading\" data-id=\"516806c\" data-element_type=\"widget\" data-e-type=\"widget\" data-widget_type=\"heading.default\">\n\t\t\t\t<div class=\"elementor-widget-container\">\n\t\t\t\t\t<h2 class=\"elementor-heading-title elementor-size-default\">Sobre nosaltres\n\n\n\n\n\n\n\n\n\n<\/h2>\t\t\t\t<\/div>\n\t\t\t\t<\/div>\n\t\t\t\t<div class=\"elementor-element elementor-element-0dc911e elementor-widget elementor-widget-text-editor\" data-id=\"0dc911e\" data-element_type=\"widget\" data-e-type=\"widget\" data-widget_type=\"text-editor.default\">\n\t\t\t\t<div class=\"elementor-widget-container\">\n\t\t\t\t\t\t\t\t\t<p>Tenim un av\u00eds que est\u00e0s buscant els cactus i suculentes m\u00e9s especials, rars i bonics?<\/p><p>Doncs acabes d&#8217;entrar al lloc web indicat!!<\/p><p>Despr\u00e9s de comen\u00e7ar a treballar en una col\u00b7lecci\u00f3 pr\u00f2pia ens vam animar a reproduir-la, d&#8217;aquesta manera hem aconseguit miniatures precioses de les nostres esp\u00e8cies. Des de les m\u00e9s comunes fins a les m\u00e9s rares, totes les que han passat per les nostres mans; i ara, l&#8217;any 2022 hem fet un cop de cap i hem decidit de fer-te-les arribar directament fins a casa.<\/p><p>Enamorats del que fem, ens encanta entrar al viver i veure\u00b4l ple de totes les varietats de cactus i suculentes que amb els anys hem anat fent cr\u00e9ixer. Ens encanta cuidar-les, veure-les cada dia i com que no som gens egoistes te les farem arribar directament fins a casa teva.<\/p><p>S\u00ed, nom\u00e9s oferim cactus, suculentes, haworties i euphorbies perqu\u00e8 creiem que la nostra dedicaci\u00f3 i experi\u00e8ncia ser\u00e0 el millor aval perqu\u00e8 tinguis el teu jard\u00ed, la terrassa o el menjador de casa el m\u00e9s bonic possible.<\/p><p>Ei&#8230; qu\u00e8 a m\u00e9s a m\u00e9s et cases? Ah, no&#8230; qu\u00e8 la teva persona preferida fa anys? O si senzillament tens una celebraci\u00f3 i vols que sigui m\u00e9s especial i tots els convidats s&#8217;emportin un record d&#8217;aquest dia cap a casa. Doncs entra i veur\u00e0s algunes de les nostres propostes per fer d&#8217;aquest dia, el dia perfecte.<\/p><p>Nosaltres si f\u00f3ssim tu, no esperar\u00edem ni un segon m\u00e9s i donar\u00edem una ullada a la web!!<\/p><p>Ah&#8230; i no sigueu t\u00edmids! Per qualsevol consulta podeu escriure a trav\u00e9s de les nostres xarxes socials o del nostre correu electr\u00f2nic info@cactussp.com.<\/p><p>Gr\u00e0cies per fer-nos confian\u00e7a!<\/p>\t\t\t\t\t\t\t\t<\/div>\n\t\t\t\t<\/div>\n\t\t\t\t<\/div>\n\t\t<div class=\"elementor-element elementor-element-3545a8d e-con-full e-flex e-con e-child\" data-id=\"3545a8d\" data-element_type=\"container\" data-e-type=\"container\">\n\t\t\t\t<div class=\"elementor-element elementor-element-9817f94 elementor-widget elementor-widget-image\" data-id=\"9817f94\" data-element_type=\"widget\" data-e-type=\"widget\" data-widget_type=\"image.default\">\n\t\t\t\t<div class=\"elementor-widget-container\">\n\t\t\t\t\t\t\t\t\t\t\t\t\t\t\t<img fetchpriority=\"high\" decoding=\"async\" width=\"1500\" height=\"1000\" src=\"https:\/\/cactussp.es\/wp-content\/uploads\/2025\/06\/2147918641.jpg\" class=\"attachment-full size-full wp-image-110\" alt=\"\" srcset=\"https:\/\/cactussp.es\/wp-content\/uploads\/2025\/06\/2147918641.jpg 1500w, https:\/\/cactussp.es\/wp-content\/uploads\/2025\/06\/2147918641-300x200.jpg 300w, https:\/\/cactussp.es\/wp-content\/uploads\/2025\/06\/2147918641-1024x683.jpg 1024w, https:\/\/cactussp.es\/wp-content\/uploads\/2025\/06\/2147918641-768x512.jpg 768w, https:\/\/cactussp.es\/wp-content\/uploads\/2025\/06\/2147918641-18x12.jpg 18w\" sizes=\"(max-width: 1500px) 100vw, 1500px\" \/>\t\t\t\t\t\t\t\t\t\t\t\t\t\t\t<\/div>\n\t\t\t\t<\/div>\n\t\t\t\t<\/div>\n\t\t\t\t\t<\/div>\n\t\t\t\t<\/div>\n\t\t<div class=\"elementor-element elementor-element-27d41f3 e-con-full e-flex e-con e-parent\" data-id=\"27d41f3\" data-element_type=\"container\" data-e-type=\"container\" data-settings=\"{&quot;background_background&quot;:&quot;classic&quot;}\">\n\t\t\t\t<div class=\"elementor-element elementor-element-7915a4b elementor-cta--skin-cover elementor-cta--valign-middle elementor-animated-content elementor-bg-transform elementor-bg-transform-zoom-in elementor-widget elementor-widget-call-to-action\" data-id=\"7915a4b\" data-element_type=\"widget\" data-e-type=\"widget\" data-widget_type=\"call-to-action.default\">\n\t\t\t\t<div class=\"elementor-widget-container\">\n\t\t\t\t\t\t\t<div class=\"elementor-cta\">\n\t\t\t\t\t<div class=\"elementor-cta__bg-wrapper\">\n\t\t\t\t<div class=\"elementor-cta__bg elementor-bg\" style=\"background-image: url(https:\/\/cactussp.es\/wp-content\/uploads\/2025\/06\/2151261806-1024x683.jpg);\" role=\"img\" aria-label=\"2151261806\"><\/div>\n\t\t\t\t<div class=\"elementor-cta__bg-overlay\"><\/div>\n\t\t\t<\/div>\n\t\t\t\t\t\t\t<div class=\"elementor-cta__content\">\n\t\t\t\t\n\t\t\t\t\t\t\t\t\t<h2 class=\"elementor-cta__title elementor-cta__content-item elementor-content-item elementor-animated-item--grow\">\n\t\t\t\t\t\tSom a Esclany\u00e0: plantes \u00faniques, atenci\u00f3 propera.\t\t\t\t\t<\/h2>\n\t\t\t\t\n\t\t\t\t\t\t\t\t\t<div class=\"elementor-cta__description elementor-cta__content-item elementor-content-item elementor-animated-item--grow\">\n\t\t\t\t\t\tDescobreix la nostra col\u00b7lecci\u00f3 de cactus i suculentes, t'enamoraran!\n\n\n\n\n\n\n\n\n\n\t\t\t\t\t<\/div>\n\t\t\t\t\n\t\t\t\t\t\t\t\t\t<div class=\"elementor-cta__button-wrapper elementor-cta__content-item elementor-content-item elementor-animated-item--grow\">\n\t\t\t\t\t<a class=\"elementor-cta__button elementor-button elementor-size-\" href=\"https:\/\/cactussp.es\/productes\/\">\n\t\t\t\t\t\tPRODUCTES\t\t\t\t\t<\/a>\n\t\t\t\t\t<\/div>\n\t\t\t\t\t\t\t<\/div>\n\t\t\t\t\t\t<\/div>\n\t\t\t\t\t\t<\/div>\n\t\t\t\t<\/div>\n\t\t\t\t<\/div>\n\t\t\t\t<\/div>\n\t\t","protected":false},"excerpt":{"rendered":"<p>CACTUS SP Cactus i plantes suculentes Sobre nosaltres Tenim un av\u00eds que est\u00e0s buscant els cactus i suculentes m\u00e9s especials, rars i bonics? Doncs acabes d&#8217;entrar al lloc web indicat!! Despr\u00e9s de comen\u00e7ar a treballar en una col\u00b7lecci\u00f3 pr\u00f2pia ens vam animar a reproduir-la, d&#8217;aquesta manera hem aconseguit miniatures precioses de les nostres esp\u00e8cies. Des [&hellip;]<\/p>\n","protected":false},"author":1,"featured_media":0,"parent":0,"menu_order":0,"comment_status":"closed","ping_status":"closed","template":"elementor_canvas","meta":{"footnotes":""},"class_list":["post-2","page","type-page","status-publish","hentry"],"yoast_head":"<!-- This site is optimized with the Yoast SEO plugin v27.3 - https:\/\/yoast.com\/product\/yoast-seo-wordpress\/ -->\n<title>Inici - cactussp<\/title>\n<meta name=\"robots\" content=\"index, follow, max-snippet:-1, max-image-preview:large, max-video-preview:-1\" \/>\n<link rel=\"canonical\" href=\"https:\/\/cactussp.es\/es\/\" \/>\n<meta property=\"og:locale\" content=\"es_ES\" \/>\n<meta property=\"og:type\" content=\"article\" \/>\n<meta property=\"og:title\" content=\"Inici - cactussp\" \/>\n<meta property=\"og:description\" content=\"CACTUS SP Cactus i plantes suculentes Sobre nosaltres Tenim un av\u00eds que est\u00e0s buscant els cactus i suculentes m\u00e9s especials, rars i bonics? Doncs acabes d&#8217;entrar al lloc web indicat!! Despr\u00e9s de comen\u00e7ar a treballar en una col\u00b7lecci\u00f3 pr\u00f2pia ens vam animar a reproduir-la, d&#8217;aquesta manera hem aconseguit miniatures precioses de les nostres esp\u00e8cies. Des [&hellip;]\" \/>\n<meta property=\"og:url\" content=\"https:\/\/cactussp.es\/es\/\" \/>\n<meta property=\"og:site_name\" content=\"cactussp\" \/>\n<meta property=\"article:modified_time\" content=\"2025-06-26T15:54:17+00:00\" \/>\n<meta property=\"og:image\" content=\"https:\/\/cactussp.es\/wp-content\/uploads\/2025\/06\/2147918641.jpg\" \/>\n\t<meta property=\"og:image:width\" content=\"1500\" \/>\n\t<meta property=\"og:image:height\" content=\"1000\" \/>\n\t<meta property=\"og:image:type\" content=\"image\/jpeg\" \/>\n<meta name=\"twitter:card\" content=\"summary_large_image\" \/>\n<meta name=\"twitter:label1\" content=\"Tiempo de lectura\" \/>\n\t<meta name=\"twitter:data1\" content=\"2 minutos\" \/>\n<script type=\"application\/ld+json\" class=\"yoast-schema-graph\">{\"@context\":\"https:\\\/\\\/schema.org\",\"@graph\":[{\"@type\":\"WebPage\",\"@id\":\"https:\\\/\\\/cactussp.es\\\/\",\"url\":\"https:\\\/\\\/cactussp.es\\\/\",\"name\":\"Inici - cactussp\",\"isPartOf\":{\"@id\":\"https:\\\/\\\/cactussp.es\\\/#website\"},\"primaryImageOfPage\":{\"@id\":\"https:\\\/\\\/cactussp.es\\\/#primaryimage\"},\"image\":{\"@id\":\"https:\\\/\\\/cactussp.es\\\/#primaryimage\"},\"thumbnailUrl\":\"https:\\\/\\\/cactussp.es\\\/wp-content\\\/uploads\\\/2025\\\/06\\\/2147918641.jpg\",\"datePublished\":\"2025-06-11T15:03:53+00:00\",\"dateModified\":\"2025-06-26T15:54:17+00:00\",\"breadcrumb\":{\"@id\":\"https:\\\/\\\/cactussp.es\\\/#breadcrumb\"},\"inLanguage\":\"es\",\"potentialAction\":[{\"@type\":\"ReadAction\",\"target\":[\"https:\\\/\\\/cactussp.es\\\/\"]}]},{\"@type\":\"ImageObject\",\"inLanguage\":\"es\",\"@id\":\"https:\\\/\\\/cactussp.es\\\/#primaryimage\",\"url\":\"https:\\\/\\\/cactussp.es\\\/wp-content\\\/uploads\\\/2025\\\/06\\\/2147918641.jpg\",\"contentUrl\":\"https:\\\/\\\/cactussp.es\\\/wp-content\\\/uploads\\\/2025\\\/06\\\/2147918641.jpg\"},{\"@type\":\"BreadcrumbList\",\"@id\":\"https:\\\/\\\/cactussp.es\\\/#breadcrumb\",\"itemListElement\":[{\"@type\":\"ListItem\",\"position\":1,\"name\":\"Portada\",\"item\":\"https:\\\/\\\/cactussp.es\\\/\"},{\"@type\":\"ListItem\",\"position\":2,\"name\":\"Inici\"}]},{\"@type\":\"WebSite\",\"@id\":\"https:\\\/\\\/cactussp.es\\\/#website\",\"url\":\"https:\\\/\\\/cactussp.es\\\/\",\"name\":\"cactussp\",\"description\":\"\",\"publisher\":{\"@id\":\"https:\\\/\\\/cactussp.es\\\/#organization\"},\"potentialAction\":[{\"@type\":\"SearchAction\",\"target\":{\"@type\":\"EntryPoint\",\"urlTemplate\":\"https:\\\/\\\/cactussp.es\\\/?s={search_term_string}\"},\"query-input\":{\"@type\":\"PropertyValueSpecification\",\"valueRequired\":true,\"valueName\":\"search_term_string\"}}],\"inLanguage\":\"es\"},{\"@type\":\"Organization\",\"@id\":\"https:\\\/\\\/cactussp.es\\\/#organization\",\"name\":\"cactussp\",\"url\":\"https:\\\/\\\/cactussp.es\\\/\",\"logo\":{\"@type\":\"ImageObject\",\"inLanguage\":\"es\",\"@id\":\"https:\\\/\\\/cactussp.es\\\/#\\\/schema\\\/logo\\\/image\\\/\",\"url\":\"https:\\\/\\\/cactussp.es\\\/wp-content\\\/uploads\\\/2025\\\/06\\\/cropped-logo.png\",\"contentUrl\":\"https:\\\/\\\/cactussp.es\\\/wp-content\\\/uploads\\\/2025\\\/06\\\/cropped-logo.png\",\"width\":1080,\"height\":846,\"caption\":\"cactussp\"},\"image\":{\"@id\":\"https:\\\/\\\/cactussp.es\\\/#\\\/schema\\\/logo\\\/image\\\/\"}}]}<\/script>\n<!-- \/ Yoast SEO plugin. -->","yoast_head_json":{"title":"Inici - cactussp","robots":{"index":"index","follow":"follow","max-snippet":"max-snippet:-1","max-image-preview":"max-image-preview:large","max-video-preview":"max-video-preview:-1"},"canonical":"https:\/\/cactussp.es\/es\/","og_locale":"es_ES","og_type":"article","og_title":"Inici - cactussp","og_description":"CACTUS SP Cactus i plantes suculentes Sobre nosaltres Tenim un av\u00eds que est\u00e0s buscant els cactus i suculentes m\u00e9s especials, rars i bonics? Doncs acabes d&#8217;entrar al lloc web indicat!! Despr\u00e9s de comen\u00e7ar a treballar en una col\u00b7lecci\u00f3 pr\u00f2pia ens vam animar a reproduir-la, d&#8217;aquesta manera hem aconseguit miniatures precioses de les nostres esp\u00e8cies. Des [&hellip;]","og_url":"https:\/\/cactussp.es\/es\/","og_site_name":"cactussp","article_modified_time":"2025-06-26T15:54:17+00:00","og_image":[{"width":1500,"height":1000,"url":"https:\/\/cactussp.es\/wp-content\/uploads\/2025\/06\/2147918641.jpg","type":"image\/jpeg"}],"twitter_card":"summary_large_image","twitter_misc":{"Tiempo de lectura":"2 minutos"},"schema":{"@context":"https:\/\/schema.org","@graph":[{"@type":"WebPage","@id":"https:\/\/cactussp.es\/","url":"https:\/\/cactussp.es\/","name":"Inici - cactussp","isPartOf":{"@id":"https:\/\/cactussp.es\/#website"},"primaryImageOfPage":{"@id":"https:\/\/cactussp.es\/#primaryimage"},"image":{"@id":"https:\/\/cactussp.es\/#primaryimage"},"thumbnailUrl":"https:\/\/cactussp.es\/wp-content\/uploads\/2025\/06\/2147918641.jpg","datePublished":"2025-06-11T15:03:53+00:00","dateModified":"2025-06-26T15:54:17+00:00","breadcrumb":{"@id":"https:\/\/cactussp.es\/#breadcrumb"},"inLanguage":"es","potentialAction":[{"@type":"ReadAction","target":["https:\/\/cactussp.es\/"]}]},{"@type":"ImageObject","inLanguage":"es","@id":"https:\/\/cactussp.es\/#primaryimage","url":"https:\/\/cactussp.es\/wp-content\/uploads\/2025\/06\/2147918641.jpg","contentUrl":"https:\/\/cactussp.es\/wp-content\/uploads\/2025\/06\/2147918641.jpg"},{"@type":"BreadcrumbList","@id":"https:\/\/cactussp.es\/#breadcrumb","itemListElement":[{"@type":"ListItem","position":1,"name":"Portada","item":"https:\/\/cactussp.es\/"},{"@type":"ListItem","position":2,"name":"Inici"}]},{"@type":"WebSite","@id":"https:\/\/cactussp.es\/#website","url":"https:\/\/cactussp.es\/","name":"cactussp","description":"","publisher":{"@id":"https:\/\/cactussp.es\/#organization"},"potentialAction":[{"@type":"SearchAction","target":{"@type":"EntryPoint","urlTemplate":"https:\/\/cactussp.es\/?s={search_term_string}"},"query-input":{"@type":"PropertyValueSpecification","valueRequired":true,"valueName":"search_term_string"}}],"inLanguage":"es"},{"@type":"Organization","@id":"https:\/\/cactussp.es\/#organization","name":"cactussp","url":"https:\/\/cactussp.es\/","logo":{"@type":"ImageObject","inLanguage":"es","@id":"https:\/\/cactussp.es\/#\/schema\/logo\/image\/","url":"https:\/\/cactussp.es\/wp-content\/uploads\/2025\/06\/cropped-logo.png","contentUrl":"https:\/\/cactussp.es\/wp-content\/uploads\/2025\/06\/cropped-logo.png","width":1080,"height":846,"caption":"cactussp"},"image":{"@id":"https:\/\/cactussp.es\/#\/schema\/logo\/image\/"}}]}},"_links":{"self":[{"href":"https:\/\/cactussp.es\/es\/wp-json\/wp\/v2\/pages\/2","targetHints":{"allow":["GET"]}}],"collection":[{"href":"https:\/\/cactussp.es\/es\/wp-json\/wp\/v2\/pages"}],"about":[{"href":"https:\/\/cactussp.es\/es\/wp-json\/wp\/v2\/types\/page"}],"author":[{"embeddable":true,"href":"https:\/\/cactussp.es\/es\/wp-json\/wp\/v2\/users\/1"}],"replies":[{"embeddable":true,"href":"https:\/\/cactussp.es\/es\/wp-json\/wp\/v2\/comments?post=2"}],"version-history":[{"count":62,"href":"https:\/\/cactussp.es\/es\/wp-json\/wp\/v2\/pages\/2\/revisions"}],"predecessor-version":[{"id":308,"href":"https:\/\/cactussp.es\/es\/wp-json\/wp\/v2\/pages\/2\/revisions\/308"}],"wp:attachment":[{"href":"https:\/\/cactussp.es\/es\/wp-json\/wp\/v2\/media?parent=2"}],"curies":[{"name":"wp","href":"https:\/\/api.w.org\/{rel}","templated":true}]}}